{"id":5,"date":"2022-12-20T15:36:35","date_gmt":"2022-12-20T14:36:35","guid":{"rendered":"http:\/\/lenergieencommun-hdf.fr\/?page_id=5"},"modified":"2024-08-27T11:44:17","modified_gmt":"2024-08-27T09:44:17","slug":"one-page-express","status":"publish","type":"page","link":"https:\/\/lenergieencommun-hdf.fr\/","title":{"rendered":"Front Page"},"content":{"rendered":"\n<div class=\"wp-block-group\"><div class=\"wp-block-group__inner-container is-layout-constrained wp-block-group-is-layout-constrained\">\n<div id=\"qui-sommes-nous\" class=\"team-large-square-section\" style=\"background-color: #ffffff;\" data-label=\"Qui sommes nous\" data-id=\"team-large-square-section\" data-category=\"team\">\n<div class=\"\">\n<div class=\"team-large-square-textcol dynamic-color\" data-type=\"column\">\n<h1 class=\"\">Une coop\u00e9ration forte<\/h1>\n<h4 class=\"\">La r\u00e9ussite de la transition \u00e9nerg\u00e9tique s\u2019accompagne d\u2019une vision transversale.<\/h4>\n<h2 class=\"\">La SOBRI\u00c9T\u00c9 \u00c9NERG\u00c9TIQUE,<\/h2>\n<h2 class=\"\">l&#8217;EFFICACIT\u00c9 \u00c9NERG\u00c9TIQUE,<\/h2>\n<h2 class=\"\">et les \u00c9NERGIES RENOUVELABLES<\/h2>\n<h4 class=\"\">sont les 3 axes qui n\u00e9cessitent la mise en place d\u2019actions compl\u00e9mentaires avec diff\u00e9rents savoir-faire.<\/h4>\n<h6 class=\"\">\u2014<\/h6>\n<h2 class=\"\">Face \u00e0 ce constat partag\u00e9,<\/h2>\n<h2 class=\"\">le collectif \u00e9nergie en commun est n\u00e9 :<\/h2>\n<\/div>\n<\/div>\n<\/div>\n<div id=\"qui-sommes-nous\" class=\"team-large-square-section\" style=\"background-color: #ffffff;\" data-label=\"Qui sommes nous\" data-id=\"team-large-square-section\" data-category=\"team\">\n<div class=\"\">\n<div class=\"team-large-square-innerrow dark-text\" data-type=\"row\">\n<div class=\"team-large-square-membercol cp6cols-tablet cp2cols\">\n<div class=\"team-large-square-membercard\">\n<div id=\"ContentSwap102\" class=\"contentswap-effect ContentSwap102\">\n<div class=\"ContentSwap102_content initial-image\"><a href=\"http:\/\/www.virage-energie.org\/\"><img loading=\"lazy\" decoding=\"async\" class=\"aligncenter wp-image-197 size-medium\" src=\"http:\/\/lenergieencommun-hdf.fr\/wp-content\/uploads\/2023\/07\/logo-virage-energie-300x217.png\" alt=\"\" width=\"300\" height=\"217\" srcset=\"https:\/\/lenergieencommun-hdf.fr\/wp-content\/uploads\/2023\/07\/logo-virage-energie-300x217.png 300w, https:\/\/lenergieencommun-hdf.fr\/wp-content\/uploads\/2023\/07\/logo-virage-energie-1024x742.png 1024w, https:\/\/lenergieencommun-hdf.fr\/wp-content\/uploads\/2023\/07\/logo-virage-energie-768x557.png 768w, https:\/\/lenergieencommun-hdf.fr\/wp-content\/uploads\/2023\/07\/logo-virage-energie.png 1380w\" sizes=\"auto, (max-width: 300px) 100vw, 300px\" \/><\/a><\/div>\n<div class=\"overlay\" style=\"display: block; opacity: 1;\">\u00a0<\/div>\n<\/div>\n<\/div>\n<p><a class=\"\" href=\"http:\/\/www.virage-energie.org\/\" target=\"_blank\" rel=\"noopener\">le site internet de Virage \u00c9nergie<\/a><\/p>\n<\/div>\n<div class=\"team-large-square-membercol cp6cols-tablet cp2cols\">\n<div class=\"team-large-square-membercard\">\n<div id=\"ContentSwap102\" class=\"contentswap-effect ContentSwap102\">\n<div class=\"ContentSwap102_content initial-image\"><a href=\"https:\/\/energethic-asso.fr\/\"><img loading=\"lazy\" decoding=\"async\" class=\"aligncenter wp-image-198 size-medium\" src=\"http:\/\/lenergieencommun-hdf.fr\/wp-content\/uploads\/2023\/07\/logo-energethic-300x217.png\" alt=\"\" width=\"300\" height=\"217\" srcset=\"https:\/\/lenergieencommun-hdf.fr\/wp-content\/uploads\/2023\/07\/logo-energethic-300x217.png 300w, https:\/\/lenergieencommun-hdf.fr\/wp-content\/uploads\/2023\/07\/logo-energethic-1024x742.png 1024w, https:\/\/lenergieencommun-hdf.fr\/wp-content\/uploads\/2023\/07\/logo-energethic-768x557.png 768w, https:\/\/lenergieencommun-hdf.fr\/wp-content\/uploads\/2023\/07\/logo-energethic.png 1380w\" sizes=\"auto, (max-width: 300px) 100vw, 300px\" \/><\/a><\/div>\n<div class=\"overlay\" style=\"display: block; opacity: 1;\">\u00a0<\/div>\n<\/div>\n<\/div>\n<p><a class=\"\" href=\"https:\/\/energethic-asso.fr\/\" target=\"_blank\" rel=\"noopener\">le site internet d\u2019EnergETHIC<\/a><\/p>\n<\/div>\n<div class=\"team-large-square-membercol cp6cols-tablet cp2cols\">\n<div class=\"team-large-square-membercard\">\n<div id=\"ContentSwap102\" class=\"contentswap-effect ContentSwap102\">\n<div class=\"ContentSwap102_content initial-image\"><a href=\"https:\/\/solaire-en-nord.fr\/\"><img loading=\"lazy\" decoding=\"async\" class=\"aligncenter wp-image-200 size-medium\" src=\"http:\/\/lenergieencommun-hdf.fr\/wp-content\/uploads\/2023\/07\/logo-solaire-en-nord-300x217.png\" alt=\"\" width=\"300\" height=\"217\" srcset=\"https:\/\/lenergieencommun-hdf.fr\/wp-content\/uploads\/2023\/07\/logo-solaire-en-nord-300x217.png 300w, https:\/\/lenergieencommun-hdf.fr\/wp-content\/uploads\/2023\/07\/logo-solaire-en-nord-1024x742.png 1024w, https:\/\/lenergieencommun-hdf.fr\/wp-content\/uploads\/2023\/07\/logo-solaire-en-nord-768x557.png 768w, https:\/\/lenergieencommun-hdf.fr\/wp-content\/uploads\/2023\/07\/logo-solaire-en-nord.png 1380w\" sizes=\"auto, (max-width: 300px) 100vw, 300px\" \/><\/a><\/div>\n<div class=\"overlay\" style=\"display: block; opacity: 1;\">\u00a0<\/div>\n<\/div>\n<\/div>\n<p><a class=\"\" href=\"https:\/\/solaire-en-nord.fr\/\" target=\"_blank\" rel=\"noopener\">le site internet de Solaire en Nord<\/a><\/p>\n<\/div>\n<div class=\"team-large-square-membercol cp6cols-tablet cp2cols\">\n<div class=\"team-large-square-membercard\">\n<div id=\"ContentSwap102\" class=\"contentswap-effect ContentSwap102\">\n<div class=\"ContentSwap102_content initial-image\"><a href=\"https:\/\/www.enercoop.fr\/nos-cooperatives\/hauts-de-france\" target=\"_blank\" rel=\"noopener\"><img loading=\"lazy\" decoding=\"async\" class=\"aligncenter wp-image-199 size-medium\" src=\"http:\/\/lenergieencommun-hdf.fr\/wp-content\/uploads\/2023\/07\/logo-EHDF-300x217.png\" alt=\"\" width=\"300\" height=\"217\" srcset=\"https:\/\/lenergieencommun-hdf.fr\/wp-content\/uploads\/2023\/07\/logo-EHDF-300x217.png 300w, https:\/\/lenergieencommun-hdf.fr\/wp-content\/uploads\/2023\/07\/logo-EHDF-1024x742.png 1024w, https:\/\/lenergieencommun-hdf.fr\/wp-content\/uploads\/2023\/07\/logo-EHDF-768x557.png 768w, https:\/\/lenergieencommun-hdf.fr\/wp-content\/uploads\/2023\/07\/logo-EHDF.png 1380w\" sizes=\"auto, (max-width: 300px) 100vw, 300px\" \/><\/a><\/div>\n<\/div>\n<\/div>\n<p><a href=\"https:\/\/www.enercoop.fr\/nos-cooperatives\/hauts-de-france\" target=\"_blank\" rel=\"noopener\">Le site internet d\u2019Enercoop Hauts-de-France<\/a><\/p>\n<\/div>\n<div class=\"team-large-square-membercol cp6cols-tablet cp2cols\">\n<div class=\"team-large-square-membercard\">\n<div id=\"ContentSwap102\" class=\"contentswap-effect ContentSwap102\">\n<div class=\"ContentSwap102_content initial-image\"><a href=\"https:\/\/mres-asso.org\/\"><img loading=\"lazy\" decoding=\"async\" class=\"aligncenter wp-image-201 size-medium\" src=\"http:\/\/lenergieencommun-hdf.fr\/wp-content\/uploads\/2023\/07\/logo-mres-300x217.png\" alt=\"\" width=\"300\" height=\"217\" srcset=\"https:\/\/lenergieencommun-hdf.fr\/wp-content\/uploads\/2023\/07\/logo-mres-300x217.png 300w, https:\/\/lenergieencommun-hdf.fr\/wp-content\/uploads\/2023\/07\/logo-mres-1024x742.png 1024w, https:\/\/lenergieencommun-hdf.fr\/wp-content\/uploads\/2023\/07\/logo-mres-768x557.png 768w, https:\/\/lenergieencommun-hdf.fr\/wp-content\/uploads\/2023\/07\/logo-mres.png 1380w\" sizes=\"auto, (max-width: 300px) 100vw, 300px\" \/><\/a><\/div>\n<div class=\"overlay\" style=\"display: block; opacity: 1;\">\u00a0<\/div>\n<\/div>\n<\/div>\n<p><a class=\"\" href=\"https:\/\/mres-asso.org\/\" target=\"_blank\" rel=\"noopener\">Le site internet de la Maison R\u00e9gionale de l\u2019Environnement et des Solidarit\u00e9s<\/a><\/p>\n<\/div>\n<\/div>\n<\/div>\n<\/div>\n<div id=\"notre-experience\" class=\"features-image-cards-section\" style=\"background-color: #f6f6f6;\" data-label=\"Notre experience\" data-id=\"features-image-cards-section\" data-category=\"features\">\n<div class=\"\">\n<div class=\"features-image-cards-textrow\">\n<div class=\"features-image-cards-textcol dynamic-color\" data-type=\"column\">\n<h1 class=\"\">Des actions d\u00e9j\u00e0 r\u00e9alis\u00e9es<\/h1>\n<\/div>\n<\/div>\n<div class=\"features-image-cards-innerrow flexbox-list dark-text\" data-type=\"row\">\n<div class=\"features-image-cards-cardcol cp4cols cp6cols-tablet\">\n<div class=\"features-image-cards-cardrow\"><img decoding=\"async\" class=\"features-image-cards-featimg\" src=\"http:\/\/lenergieencommun-hdf.fr\/wp-content\/uploads\/2023\/01\/Sans-titre3.jpg\" alt=\"\" \/>\n<div class=\"features-image-cards-cardtextrow\" data-type=\"column\">\n<h4 class=\"\">Les Rencontres R\u00e9gionales des \u00c9nergies renouvelables Citoyennes<\/h4>\n<p class=\"\">\u00a0Au niveau europ\u00e9en et national, de plus en plus de citoyens et de collectivit\u00e9s s\u2019engagent dans la lutte contre le changement climatique \u00e0 travers des projets d\u2019\u00e9nergie renouvelable. Ensemble, ils participent \u00e0 la transition \u00e9nerg\u00e9tique de leur territoire en investissant dans des moyens de production locaux etc.<\/p>\n<hr class=\"features-image-cards-separator\" \/><a class=\"\" href=\"http:\/\/lenergieencommun-hdf.fr\/?p=147\" target=\"_self\" rel=\"noopener\">En savoir plus<\/a><\/div>\n<\/div>\n<\/div>\n<div class=\"features-image-cards-cardcol cp4cols cp6cols-tablet\">\n<div class=\"features-image-cards-cardrow\">\n<p><img loading=\"lazy\" decoding=\"async\" class=\"alignnone wp-image-253\" src=\"http:\/\/lenergieencommun-hdf.fr\/wp-content\/uploads\/2023\/07\/IMG_0094-comp8-1-300x225.jpg\" alt=\"\" width=\"1885\" height=\"1414\" \/><\/p>\n<div class=\"features-image-cards-cardtextrow\" data-type=\"column\">\n<h4 class=\"\">Des projets collectifs citoyens<\/h4>\n<p class=\"\">Une installation solaire photovolta\u00efque collective sur la salle polyvalente de la commune Tressin a \u00e9t\u00e9 mise en service en mars 2020. Ce projet, fruit d&#8217;une coop\u00e9ration multi-acteurs, est port\u00e9 par la coop\u00e9rative Solis M\u00e9tropole et accompagn\u00e9 et anim\u00e9 par l&#8217;association Solaire en Nord.<\/p>\n<hr class=\"features-image-cards-separator\" \/><a class=\"\" href=\"http:\/\/lenergieencommun-hdf.fr\/?p=161\" target=\"_blank\" rel=\"noopener\">En savoir plus<\/a><\/div>\n<\/div>\n<\/div>\n<div class=\"features-image-cards-cardcol cp4cols cp6cols-tablet\">\n<div class=\"features-image-cards-cardrow\"><img decoding=\"async\" class=\"features-image-cards-featimg\" src=\"http:\/\/lenergieencommun-hdf.fr\/wp-content\/uploads\/2023\/01\/Sans-titre2.jpg\" alt=\"\" \/>\n<div class=\"features-image-cards-cardtextrow\" data-type=\"column\">\n<h4 class=\"\">La sobri\u00e9t\u00e9 \u00e9nerg\u00e9tique avec les citoyens<\/h4>\n<p class=\"western\" align=\"justify\">Les citoyens jouent un r\u00f4le crucial dans la transition \u00e9nerg\u00e9tique. Ils prennent part \u00e0 des ateliers et des rencontres pour acqu\u00e9rir une meilleure compr\u00e9hension de la sobri\u00e9t\u00e9 \u00e9nerg\u00e9tique et des moyens d&#8217;am\u00e9liorer leurs pratiques \u00e0 l&#8217;\u00e9chelle individuelle.<\/p>\n<hr class=\"features-image-cards-separator\" \/><a class=\"\" href=\"http:\/\/lenergieencommun-hdf.fr\/?p=169\" target=\"_blank\" rel=\"noopener\">En savoir plus<\/a><\/div>\n<\/div>\n<\/div>\n<\/div>\n<\/div>\n<\/div>\n<div id=\"contactez-nous\" class=\"content-left-image-section content-image-left\" style=\"background-color: #f6f6f6;\" data-label=\"CONTACTEZ NOUS\" data-id=\"content-image-left\" data-category=\"content\">\n<div class=\"gridContainer\">\n<div class=\"row\">\n<div class=\"content-left-image-imgcol\" data-type=\"column\"><img decoding=\"async\" class=\"custom-image\" src=\"http:\/\/lenergieencommun-hdf.fr\/wp-content\/uploads\/2023\/06\/AGIR.png\" alt=\"\" \/><\/div>\n<div class=\"content-left-image-textcol dynamic-color\" data-type=\"column\">\n<h1 class=\"\">COMMENT ?<\/h1>\n<h5 class=\"\">Par un accompagnement multipartenarial et coop\u00e9ratif.<br \/>Dans un parcours adapt\u00e9 \u00e0 votre projet priv\u00e9 ou de territoire.<\/h5>\n<p>Pour construire ensemble votre projet,<\/p>\n<h4 class=\"\">CONTACTEZ-NOUS<\/h4>\n<p class=\"\"><a href=\"mailto:contact@lenergieencommun-hdf.fr\">contact@lenergieencommun-hdf.fr<\/a><\/p>\n<\/div>\n<\/div>\n<\/div>\n<\/div>\n<\/div><\/div>\n","protected":false},"excerpt":{"rendered":"<p>Une coop\u00e9ration forte La r\u00e9ussite de la transition \u00e9nerg\u00e9tique s\u2019accompagne d\u2019une vision transversale. La SOBRI\u00c9T\u00c9 \u00c9NERG\u00c9TIQUE, l&#8217;EFFICACIT\u00c9 \u00c9NERG\u00c9TIQUE, et les \u00c9NERGIES RENOUVELABLES sont les 3 axes qui n\u00e9cessitent la mise en place d\u2019actions compl\u00e9mentaires avec diff\u00e9rents savoir-faire. \u2014 Face \u00e0 ce constat partag\u00e9, le collectif \u00e9nergie en commun est n\u00e9 : \u00a0 le site internet&hellip; <br \/> <a class=\"button small blue\" href=\"https:\/\/lenergieencommun-hdf.fr\/?p=161\">Read more<\/a><\/p>\n","protected":false},"author":1,"featured_media":0,"parent":0,"menu_order":0,"comment_status":"closed","ping_status":"closed","template":"","meta":{"footnotes":""},"class_list":["post-5","page","type-page","status-publish","hentry"],"_links":{"self":[{"href":"https:\/\/lenergieencommun-hdf.fr\/index.php?rest_route=\/wp\/v2\/pages\/5","targetHints":{"allow":["GET"]}}],"collection":[{"href":"https:\/\/lenergieencommun-hdf.fr\/index.php?rest_route=\/wp\/v2\/pages"}],"about":[{"href":"https:\/\/lenergieencommun-hdf.fr\/index.php?rest_route=\/wp\/v2\/types\/page"}],"author":[{"embeddable":true,"href":"https:\/\/lenergieencommun-hdf.fr\/index.php?rest_route=\/wp\/v2\/users\/1"}],"replies":[{"embeddable":true,"href":"https:\/\/lenergieencommun-hdf.fr\/index.php?rest_route=%2Fwp%2Fv2%2Fcomments&post=5"}],"version-history":[{"count":69,"href":"https:\/\/lenergieencommun-hdf.fr\/index.php?rest_route=\/wp\/v2\/pages\/5\/revisions"}],"predecessor-version":[{"id":310,"href":"https:\/\/lenergieencommun-hdf.fr\/index.php?rest_route=\/wp\/v2\/pages\/5\/revisions\/310"}],"wp:attachment":[{"href":"https:\/\/lenergieencommun-hdf.fr\/index.php?rest_route=%2Fwp%2Fv2%2Fmedia&parent=5"}],"curies":[{"name":"wp","href":"https:\/\/api.w.org\/{rel}","templated":true}]}}