{"id":269,"date":"2024-10-14T17:16:59","date_gmt":"2024-10-14T15:16:59","guid":{"rendered":"https:\/\/lenergieencommun-hdf.fr\/?page_id=269"},"modified":"2026-02-17T13:02:37","modified_gmt":"2026-02-17T12:02:37","slug":"cest-pas-versailles-ici-un-jeu-pour-comprendre-lenergie","status":"publish","type":"page","link":"https:\/\/lenergieencommun-hdf.fr\/?page_id=269","title":{"rendered":"&#8220;C&#8217;est pas Versailles ici&#8221; &#8211; Un jeu pour comprendre l&#8217;\u00e9nergie"},"content":{"rendered":"\n<p>Avec la mont\u00e9e des co\u00fbts de l\u2019\u00e9nergie et la hausse des \u00e9missions des gaz \u00e0 effet de serre, la diminution des consommations d\u2019\u00e9nergie est un enjeu de lutte contre la pr\u00e9carit\u00e9 \u00e9nerg\u00e9tique et contre le d\u00e9r\u00e8glement climatique. <\/p>\n\n\n\n<p>Certains foyers fran\u00e7ais exp\u00e9rimentent aujourd\u2019hui une sobri\u00e9t\u00e9 subie : ils ne s\u2019engagent pas dans une d\u00e9marche volontaire de mod\u00e9rations de leurs usages \u00e9nerg\u00e9tiques mais subissent plut\u00f4t les effets des fluctuations des prix de l\u2019\u00e9nergie. Des actions peuvent \u00eatre mises en place pour faire face \u00e0 cette crise et permettre de vivre dans de meilleures conditions. Il est notamment primordial de communiquer sur des actions simples \u00e0 mettre en \u0153uvre. <\/p>\n\n\n\n<p>Ainsi, la transition \u00e9nerg\u00e9tique, avec notamment le passage aux \u00e9nergies renouvelables et la r\u00e9novation \u00e9nerg\u00e9tique, ne peut se dissocier de la compr\u00e9hension des consommations. C\u2019est en 2022, dans une p\u00e9riode marqu\u00e9e par une crise \u00e9nerg\u00e9tique sans pr\u00e9c\u00e9dent, que le sujet de la sobri\u00e9t\u00e9 s\u2019est d\u00e9mocratis\u00e9 et est devenu une priorit\u00e9. <\/p>\n\n\n\n<p><strong>Le jeu appel\u00e9 C\u2019est pas Versailles ici ! est une animation ludique, permettant la compr\u00e9hension de l\u2019\u00e9nergie et de la sobri\u00e9t\u00e9 \u00e9nerg\u00e9tique, avec une approche dynamique et non culpabilisante. Au travers d\u2019un moment convivial \u00e0 partager avec des voisins ou encore des amis, l\u2019objectif est de s\u2019approprier le sujet \u00e0 travers des jeux interactifs.<\/strong><\/p>\n\n\n\n<p>D\u00e9velopp\u00e9 par <a href=\"https:\/\/solaire-en-nord.fr\/\" data-type=\"link\" data-id=\"https:\/\/solaire-en-nord.fr\/\">Solaire en Nord<\/a>, <a href=\"https:\/\/www.virage-energie.org\/\" data-type=\"link\" data-id=\"https:\/\/www.virage-energie.org\/\">Virage \u00c9nergie <\/a>et la <a href=\"https:\/\/mres-asso.org\/\" data-type=\"link\" data-id=\"https:\/\/mres-asso.org\/\">Maison R\u00e9gionale de l\u2019Environnement et des Solidarit\u00e9s <\/a>(MRES) en 2023, CPVI permet une compr\u00e9hension de premier niveau de l\u2019\u00e9nergie et de la sobri\u00e9t\u00e9 \u00e9nerg\u00e9tique. L\u2019objectif est de s\u2019approprier le sujet \u00e0 travers des jeux interactifs pour un temps convivial.<\/p>\n\n\n\n<p>Diverses notions y sont trait\u00e9es : r\u00e9partition des d\u00e9penses \u00e9nerg\u00e9tiques (chauffage, \u00e9lectricit\u00e9, transport\u2026), impact de l\u2019isolation d\u2019un b\u00e2timent sur les d\u00e9perditions thermiques, \u00e9co-gestes \u00e9nerg\u00e9tiques et leurs cons\u00e9quences, etc.<\/p>\n\n\n\n<p>Un des int\u00e9r\u00eats majeurs de ce dispositif est de pouvoir adapter son discours lors de l\u2019animation, en fonction des participants et des sp\u00e9cificit\u00e9s de leur situation de vie. En sortie d\u2019animation, les participants peuvent s\u2019engager tr\u00e8s concr\u00e8tement et imm\u00e9diatement sur des actions de sobri\u00e9t\u00e9 voire d\u2019efficacit\u00e9.<\/p>\n\n\n\n<h3 class=\"wp-block-heading\">Temps de qualification \u00e0 l&#8217;animation :<\/h3>\n\n\n\n<p>Le collectif a organis\u00e9 un temps pour apprendre \u00e0 animer le jeu &#8220;C&#8217;est Pas Versailles Ici&#8221; le lundi 16 d\u00e9cembre 2024. Si vous souhaitez apprendre \u00e0 animer le jeu, contactez-vous.<\/p>\n\n\n\n<h3 class=\"wp-block-heading\">T\u00e9l\u00e9charger le support du jeu <\/h3>\n\n\n\n<p>Le formulaire de t\u00e9l\u00e9chargement est momentan\u00e9ment dysfonctionnel : pour recevoir le support du jeu, nous vous invitons \u00e0 nous envoyer un mail &#8211; contact@lenergieencommun-hdf.fr &#8211; en pr\u00e9cisant : contact, code postal\/Ville, et nous vous l&#8217;enverrons sous 1 \u00e0 2 semaines. D\u00e9sol\u00e9 pour ce d\u00e9sagr\u00e9ment.<\/p>\n\n\n\n<h3 class=\"wp-block-heading\">Conditions de diffusion<\/h3>\n\n\n\n<div class=\"wp-block-columns is-layout-flex wp-container-core-columns-is-layout-9d6595d7 wp-block-columns-is-layout-flex\">\n<div class=\"wp-block-column is-layout-flow wp-block-column-is-layout-flow\" style=\"flex-basis:66.66%\">\n<p>L\u2019atelier est disponible sous licence <a href=\"https:\/\/creativecommons.org\/licenses\/by-nc-nd\/4.0\/\">Creative Commons BY-NC-ND 4.0<\/a>. Cette licence autorise toute diffusion de l&#8217;\u0153uvre originale (partager, copier, reproduire, distribuer, communiquer), sauf \u00e0 des fins commerciales, par tous moyens et sous tous formats, tant que l&#8217;\u0153uvre est diffus\u00e9e sans modification et dans son int\u00e9gralit\u00e9.<\/p>\n<\/div>\n\n\n\n<div class=\"wp-block-column is-layout-flow wp-block-column-is-layout-flow\" style=\"flex-basis:33.33%\">\n<figure class=\"wp-block-image size-large\"><img loading=\"lazy\" decoding=\"async\" width=\"1024\" height=\"359\" src=\"http:\/\/lenergieencommun-hdf.fr\/wp-content\/uploads\/2024\/10\/Cc_by-nc-nd_icon-1024x359.png\" alt=\"\" class=\"wp-image-281\" srcset=\"https:\/\/lenergieencommun-hdf.fr\/wp-content\/uploads\/2024\/10\/Cc_by-nc-nd_icon-1024x359.png 1024w, https:\/\/lenergieencommun-hdf.fr\/wp-content\/uploads\/2024\/10\/Cc_by-nc-nd_icon-300x105.png 300w, https:\/\/lenergieencommun-hdf.fr\/wp-content\/uploads\/2024\/10\/Cc_by-nc-nd_icon-768x269.png 768w, https:\/\/lenergieencommun-hdf.fr\/wp-content\/uploads\/2024\/10\/Cc_by-nc-nd_icon-1536x539.png 1536w, https:\/\/lenergieencommun-hdf.fr\/wp-content\/uploads\/2024\/10\/Cc_by-nc-nd_icon-1920x673.png 1920w, https:\/\/lenergieencommun-hdf.fr\/wp-content\/uploads\/2024\/10\/Cc_by-nc-nd_icon.png 2048w\" sizes=\"auto, (max-width: 1024px) 100vw, 1024px\" \/><\/figure>\n<\/div>\n<\/div>\n\n\n\n<p>\u00c0 chaque utilisation de l\u2019atelier, les associations cr\u00e9atrices doivent \u00eatre cit\u00e9es.<\/p>\n","protected":false},"excerpt":{"rendered":"<p>Avec la mont\u00e9e des co\u00fbts de l\u2019\u00e9nergie et la hausse des \u00e9missions des gaz \u00e0 effet de serre, la diminution des consommations d\u2019\u00e9nergie est un enjeu de lutte contre la pr\u00e9carit\u00e9 \u00e9nerg\u00e9tique et contre le d\u00e9r\u00e8glement climatique. Certains foyers fran\u00e7ais exp\u00e9rimentent aujourd\u2019hui une sobri\u00e9t\u00e9 subie : ils ne s\u2019engagent pas dans une d\u00e9marche volontaire de&hellip; <br \/> <a class=\"button small blue\" href=\"https:\/\/lenergieencommun-hdf.fr\/?page_id=269\">Read more<\/a><\/p>\n","protected":false},"author":7,"featured_media":0,"parent":0,"menu_order":0,"comment_status":"closed","ping_status":"closed","template":"","meta":{"footnotes":""},"class_list":["post-269","page","type-page","status-publish","hentry"],"_links":{"self":[{"href":"https:\/\/lenergieencommun-hdf.fr\/index.php?rest_route=\/wp\/v2\/pages\/269","targetHints":{"allow":["GET"]}}],"collection":[{"href":"https:\/\/lenergieencommun-hdf.fr\/index.php?rest_route=\/wp\/v2\/pages"}],"about":[{"href":"https:\/\/lenergieencommun-hdf.fr\/index.php?rest_route=\/wp\/v2\/types\/page"}],"author":[{"embeddable":true,"href":"https:\/\/lenergieencommun-hdf.fr\/index.php?rest_route=\/wp\/v2\/users\/7"}],"replies":[{"embeddable":true,"href":"https:\/\/lenergieencommun-hdf.fr\/index.php?rest_route=%2Fwp%2Fv2%2Fcomments&post=269"}],"version-history":[{"count":18,"href":"https:\/\/lenergieencommun-hdf.fr\/index.php?rest_route=\/wp\/v2\/pages\/269\/revisions"}],"predecessor-version":[{"id":354,"href":"https:\/\/lenergieencommun-hdf.fr\/index.php?rest_route=\/wp\/v2\/pages\/269\/revisions\/354"}],"wp:attachment":[{"href":"https:\/\/lenergieencommun-hdf.fr\/index.php?rest_route=%2Fwp%2Fv2%2Fmedia&parent=269"}],"curies":[{"name":"wp","href":"https:\/\/api.w.org\/{rel}","templated":true}]}}